{"id":426,"date":"2021-01-15T08:52:09","date_gmt":"2021-01-15T08:52:09","guid":{"rendered":"http:\/\/29ps.cz\/?page_id=426"},"modified":"2026-03-01T19:10:26","modified_gmt":"2026-03-01T19:10:26","slug":"letni-tabor-pavek","status":"publish","type":"page","link":"https:\/\/29ps.cz\/","title":{"rendered":"Letn\u00ed t\u00e1bor P\u00e1vek"},"content":{"rendered":"\n<figure class=\"wp-block-image size-large\"><img loading=\"lazy\" decoding=\"async\" width=\"1024\" height=\"462\" src=\"http:\/\/29ps.cz\/wp-content\/uploads\/2026\/03\/IMG_20250725_214107-1024x462.jpg\" alt=\"\" class=\"wp-image-643\" srcset=\"https:\/\/29ps.cz\/wp-content\/uploads\/2026\/03\/IMG_20250725_214107-1024x462.jpg 1024w, https:\/\/29ps.cz\/wp-content\/uploads\/2026\/03\/IMG_20250725_214107-300x135.jpg 300w, https:\/\/29ps.cz\/wp-content\/uploads\/2026\/03\/IMG_20250725_214107-768x346.jpg 768w, https:\/\/29ps.cz\/wp-content\/uploads\/2026\/03\/IMG_20250725_214107-1536x693.jpg 1536w, https:\/\/29ps.cz\/wp-content\/uploads\/2026\/03\/IMG_20250725_214107-2048x924.jpg 2048w\" sizes=\"(max-width: 1024px) 100vw, 1024px\" \/><\/figure>\n\n\n\n<p>T\u00e1bo\u0159i\u0161t\u011b P\u00e1vek le\u017e\u00ed v&nbsp;CHKO T\u0159ebo\u0148sko uprost\u0159ed les\u016f na b\u0159ehu \u0159eky Ne\u017e\u00e1rky.<\/p>\n\n\n\n<p>T\u00e1bor je ur\u010den&nbsp;<strong>pro holky i kluky od 7 &#8211; 15 let<\/strong>.<br>D\u011bti sp\u00ed po dvou ve stanech na postel\u00edch. Strava je p\u0159ipravovan\u00e1 5kr\u00e1t denn\u011b, ale v&nbsp;p\u0159\u00edpad\u011b hladu se v\u017edy n\u011bco najde! Je zaji\u0161t\u011bn celodenn\u00ed pitn\u00fd re\u017eim. R\u00e1no, ve\u010der a p\u0159ed ka\u017ed\u00fdm j\u00eddlem je vyhrazen prostor pro hygienu, d\u011bti se myj\u00ed pod tekouc\u00ed vodou.<\/p>\n\n\n\n<p class=\"has-text-align-left\">Ka\u017ed\u00fd rok je pro d\u011bti p\u0159ipraven\u00e1&nbsp;<strong>celot\u00e1borov\u00e1 hra&nbsp;<\/strong><strong>s bohat\u00fdm programem<\/strong>. V\u017edy je zaji\u0161t\u011bn program pro hezk\u00e9 i \u0161patn\u00e9 po\u010das\u00ed. Za de\u0161t\u011b se m\u00e1me kam schovat a kde usu\u0161it mokr\u00e9 v\u011bci. Mimo program maj\u00ed d\u011bti mo\u017enost vyu\u017e\u00edt&nbsp;<strong>sportovn\u00ed h\u0159i\u0161t\u011b,&nbsp;<\/strong><strong>pingpongov\u00fd st\u016fl, trampol\u00ednu, nebo si zahr\u00e1t jin\u00e9 hry<\/strong>. Nau\u010d\u00ed se zde i&nbsp;<strong>t\u00e1bornick\u00e9 dovednosti<\/strong>&nbsp;&#8211; \u010dten\u00ed v&nbsp;map\u011b, lu\u0161t\u011bn\u00ed \u0161ifer, co znamen\u00e1 azimut&#8230; Do programu jsou za\u0159azeny r\u016fznorod\u00e9 hry, sportovn\u00ed i tv\u016fr\u010d\u00ed \u010dinnosti.<\/p>\n\n\n\n<p>Ve\u010der spole\u010dn\u011b sed\u00edme u&nbsp;<strong>t\u00e1borov\u00e9ho ohn\u011b&nbsp;<\/strong>a hrajeme na kytary. Pokud n\u00e1m p\u0159eje po\u010das\u00ed, koupeme se v&nbsp;\u0159ece Ne\u017e\u00e1rce a dle stavu vody je mo\u017en\u00e9 ji splout na lod\u00edch.<\/p>\n\n\n\n<p>Na t\u00e1bo\u0159e jsou 2 <strong>\u0161kolen\u00ed zdravotn\u00edci<\/strong>&nbsp;a v\u0161ichni pracovn\u00edci maj\u00ed kurz prvn\u00ed pomoci.<br><em><strong>Hlavn\u00ed je ale poznat nov\u00e9 kamar\u00e1dy a u\u017e\u00edt&nbsp;<\/strong><\/em><em><strong>si spoustu legrace!<\/strong><\/em><\/p>\n","protected":false},"excerpt":{"rendered":"<p>T\u00e1bo\u0159i\u0161t\u011b P\u00e1vek le\u017e\u00ed v&nbsp;CHKO T\u0159ebo\u0148sko uprost\u0159ed les\u016f na b\u0159ehu \u0159eky Ne\u017e\u00e1rky. T\u00e1bor je ur\u010den&nbsp;pro holky i kluky od 7 &#8211; 15 let.D\u011bti sp\u00ed po dvou ve stanech na postel\u00edch. Strava je p\u0159ipravovan\u00e1 5kr\u00e1t denn\u011b, ale v&nbsp;p\u0159\u00edpad\u011b hladu se v\u017edy n\u011bco najde! Je zaji\u0161t\u011bn celodenn\u00ed pitn\u00fd re\u017eim. R\u00e1no, ve\u010der a p\u0159ed ka\u017ed\u00fdm j\u00eddlem je vyhrazen prostor&hellip;<\/p>\n","protected":false},"author":1,"featured_media":135,"parent":0,"menu_order":0,"comment_status":"closed","ping_status":"closed","template":"","meta":{"footnotes":""},"_links":{"self":[{"href":"https:\/\/29ps.cz\/index.php?rest_route=\/wp\/v2\/pages\/426"}],"collection":[{"href":"https:\/\/29ps.cz\/index.php?rest_route=\/wp\/v2\/pages"}],"about":[{"href":"https:\/\/29ps.cz\/index.php?rest_route=\/wp\/v2\/types\/page"}],"author":[{"embeddable":true,"href":"https:\/\/29ps.cz\/index.php?rest_route=\/wp\/v2\/users\/1"}],"replies":[{"embeddable":true,"href":"https:\/\/29ps.cz\/index.php?rest_route=%2Fwp%2Fv2%2Fcomments&post=426"}],"version-history":[{"count":5,"href":"https:\/\/29ps.cz\/index.php?rest_route=\/wp\/v2\/pages\/426\/revisions"}],"predecessor-version":[{"id":644,"href":"https:\/\/29ps.cz\/index.php?rest_route=\/wp\/v2\/pages\/426\/revisions\/644"}],"wp:featuredmedia":[{"embeddable":true,"href":"https:\/\/29ps.cz\/index.php?rest_route=\/wp\/v2\/media\/135"}],"wp:attachment":[{"href":"https:\/\/29ps.cz\/index.php?rest_route=%2Fwp%2Fv2%2Fmedia&parent=426"}],"curies":[{"name":"wp","href":"https:\/\/api.w.org\/{rel}","templated":true}]}}