{"id":24,"date":"2017-02-20T00:16:03","date_gmt":"2017-02-20T00:16:03","guid":{"rendered":"http:\/\/29ps.cz\/?page_id=24"},"modified":"2021-01-15T10:04:58","modified_gmt":"2021-01-15T10:04:58","slug":"kalendar-akci","status":"publish","type":"page","link":"https:\/\/29ps.cz\/?page_id=24","title":{"rendered":"V\u00edkendov\u00e9 akce"},"content":{"rendered":"<p>Tyto akce se konaj\u00ed <strong>ka\u017ed\u00fd m\u011bs\u00edc<\/strong> v\u017edy na jeden den \u010di cel\u00fd v\u00edkend.<\/p>\n<p>Po\u0159\u00e1daj\u00ed je na\u0161i <strong>zku\u0161en\u00ed vedouc\u00ed a instrukto\u0159i<\/strong> nejen pro d\u011bti, kter\u00e9 jezd\u00ed na letn\u00ed t\u00e1bor, ale i pro jejich kamar\u00e1dy \u010di sourozence.<\/p>\n<p>D\u011bti se pod\u00edvaj\u00ed do <strong>kr\u00e1sn\u00fdch kout\u016f \u010cR<\/strong>. Paleta aktivit je velmi <strong>bohat\u00e1<\/strong>: jezdili jsme mimo jin\u00e9 na kon\u00edch, dov\u00e1d\u011bli v&nbsp;baz\u00e9nu \u010di splouvali na\u0161e malebn\u00e9 \u0159eky. Kdy\u017e je p\u011bkn\u00e9 po\u010das\u00ed, jezd\u00edme na v\u00fdpravy do p\u0159\u00edrody a sp\u00edme pod \u0161ir\u00fdm nebem \u010di ve stanu. Nesm\u00edme tak\u00e9 zapomenout, na n\u00e1v\u0161t\u011bvy na\u0161\u00ed t\u00e1borov\u00e9 z\u00e1kladny.<\/p>\n<p>Kdy\u017e se ud\u011bl\u00e1 zima \u010di pr\u0161\u00ed, je v\u017edy zaji\u0161t\u011bn <strong>pobyt ve vyt\u00e1p\u011bn\u00fdch budov\u00e1ch<\/strong> se st\u0159echou nad hlavou.<\/p>\n","protected":false},"excerpt":{"rendered":"<p>Tyto akce se konaj\u00ed ka\u017ed\u00fd m\u011bs\u00edc v\u017edy na jeden den \u010di cel\u00fd v\u00edkend. Po\u0159\u00e1daj\u00ed je na\u0161i zku\u0161en\u00ed vedouc\u00ed a instrukto\u0159i nejen pro d\u011bti, kter\u00e9 jezd\u00ed na letn\u00ed t\u00e1bor, ale i pro jejich kamar\u00e1dy \u010di sourozence. D\u011bti se pod\u00edvaj\u00ed do kr\u00e1sn\u00fdch kout\u016f \u010cR. Paleta aktivit je velmi bohat\u00e1: jezdili jsme mimo jin\u00e9 na kon\u00edch, dov\u00e1d\u011bli v&nbsp;baz\u00e9nu&hellip;<\/p>\n","protected":false},"author":1,"featured_media":0,"parent":0,"menu_order":0,"comment_status":"closed","ping_status":"closed","template":"","meta":{"footnotes":""},"_links":{"self":[{"href":"https:\/\/29ps.cz\/index.php?rest_route=\/wp\/v2\/pages\/24"}],"collection":[{"href":"https:\/\/29ps.cz\/index.php?rest_route=\/wp\/v2\/pages"}],"about":[{"href":"https:\/\/29ps.cz\/index.php?rest_route=\/wp\/v2\/types\/page"}],"author":[{"embeddable":true,"href":"https:\/\/29ps.cz\/index.php?rest_route=\/wp\/v2\/users\/1"}],"replies":[{"embeddable":true,"href":"https:\/\/29ps.cz\/index.php?rest_route=%2Fwp%2Fv2%2Fcomments&post=24"}],"version-history":[{"count":4,"href":"https:\/\/29ps.cz\/index.php?rest_route=\/wp\/v2\/pages\/24\/revisions"}],"predecessor-version":[{"id":453,"href":"https:\/\/29ps.cz\/index.php?rest_route=\/wp\/v2\/pages\/24\/revisions\/453"}],"wp:attachment":[{"href":"https:\/\/29ps.cz\/index.php?rest_route=%2Fwp%2Fv2%2Fmedia&parent=24"}],"curies":[{"name":"wp","href":"https:\/\/api.w.org\/{rel}","templated":true}]}}