{"id":23,"date":"2017-02-20T00:16:03","date_gmt":"2017-02-20T00:16:03","guid":{"rendered":"http:\/\/29ps.cz\/?page_id=23"},"modified":"2026-03-01T19:02:07","modified_gmt":"2026-03-01T19:02:07","slug":"kontakt","status":"publish","type":"page","link":"http:\/\/29ps.cz\/?page_id=23","title":{"rendered":"Kontakt"},"content":{"rendered":"<p><strong>29. P\u00e1vkovsk\u00fd spolek T\u00e1bor<\/strong><\/p>\n<p><em>E-mail: info@29ps.cz<\/em><\/p>\n<p>\u00a0<\/p>\n<p><strong>P\u0159edseda spolku a hlavn\u00ed vedouc\u00ed t\u00e1bora: <\/strong><\/p>\n<p>Maty\u00e1\u0161 Raku\u0161an<\/p>\n<p><em>Tel. \u010d.: +420&nbsp;725&nbsp;059&nbsp;974<\/em><\/p>\n<p><em>E-mail: matyas.rakusan8@seznam.cz<\/em><\/p>\n<p>\u00a0<\/p>\n<p><strong>Hospod\u00e1\u0159 spolku:<\/strong><\/p>\n<p>Luk\u00e1\u0161 Ku\u010dera<\/p>\n<p><em>E-mail: kucer.lukas06@gmail.com<\/em><\/p>\n<p>\u00a0<\/p>\n<p>\u00a0<\/p>\n<p><a href=\"https:\/\/www.facebook.com\/29Pavek\"><strong>Facebook<\/strong><\/a><\/p>\n<p><a href=\"https:\/\/www.instagram.com\/29.pavkovskyspolek\/\"><strong>Instagram<\/strong><\/a><\/p>\n\n\n<p><\/p>\n","protected":false},"excerpt":{"rendered":"<p>29. P\u00e1vkovsk\u00fd spolek T\u00e1bor E-mail: info@29ps.cz \u00a0 P\u0159edseda spolku a hlavn\u00ed vedouc\u00ed t\u00e1bora: Maty\u00e1\u0161 Raku\u0161an Tel. \u010d.: +420&nbsp;725&nbsp;059&nbsp;974 E-mail: matyas.rakusan8@seznam.cz \u00a0 Hospod\u00e1\u0159 spolku: Luk\u00e1\u0161 Ku\u010dera E-mail: kucer.lukas06@gmail.com \u00a0 \u00a0 Facebook Instagram<\/p>\n","protected":false},"author":1,"featured_media":0,"parent":0,"menu_order":0,"comment_status":"closed","ping_status":"closed","template":"","meta":{"footnotes":""},"_links":{"self":[{"href":"http:\/\/29ps.cz\/index.php?rest_route=\/wp\/v2\/pages\/23"}],"collection":[{"href":"http:\/\/29ps.cz\/index.php?rest_route=\/wp\/v2\/pages"}],"about":[{"href":"http:\/\/29ps.cz\/index.php?rest_route=\/wp\/v2\/types\/page"}],"author":[{"embeddable":true,"href":"http:\/\/29ps.cz\/index.php?rest_route=\/wp\/v2\/users\/1"}],"replies":[{"embeddable":true,"href":"http:\/\/29ps.cz\/index.php?rest_route=%2Fwp%2Fv2%2Fcomments&post=23"}],"version-history":[{"count":8,"href":"http:\/\/29ps.cz\/index.php?rest_route=\/wp\/v2\/pages\/23\/revisions"}],"predecessor-version":[{"id":641,"href":"http:\/\/29ps.cz\/index.php?rest_route=\/wp\/v2\/pages\/23\/revisions\/641"}],"wp:attachment":[{"href":"http:\/\/29ps.cz\/index.php?rest_route=%2Fwp%2Fv2%2Fmedia&parent=23"}],"curies":[{"name":"wp","href":"https:\/\/api.w.org\/{rel}","templated":true}]}}