{"id":22,"date":"2017-02-20T00:16:03","date_gmt":"2017-02-20T00:16:03","guid":{"rendered":"http:\/\/29ps.cz\/?page_id=22"},"modified":"2026-03-01T18:55:02","modified_gmt":"2026-03-01T18:55:02","slug":"o-nas","status":"publish","type":"page","link":"http:\/\/29ps.cz\/?page_id=22","title":{"rendered":"O n\u00e1s"},"content":{"rendered":"\n<div class=\"wp-block-columns is-layout-flex wp-container-core-columns-is-layout-1 wp-block-columns-is-layout-flex\">\n<div class=\"wp-block-column is-layout-flow wp-block-column-is-layout-flow\" style=\"flex-basis:100%\">\n<p style=\"text-align: left; padding-left: 30px;\">Jsme <strong>dobrovoln\u00fd, nez\u00e1visl\u00fd a neziskov\u00fd spolek\u00a0<\/strong>slo\u017een\u00fd z&nbsp;pro\u0161kolen\u00fdch vedouc\u00edch a instruktor\u016f. Spojuje n\u00e1s radost z&nbsp;p\u0159\u00edrody a pr\u00e1ce s&nbsp;d\u011btmi a ml\u00e1de\u017e\u00ed.<\/p>\n<p><img loading=\"lazy\" decoding=\"async\" class=\"wp-image-628 size-large aligncenter\" src=\"http:\/\/29ps.cz\/wp-content\/uploads\/2026\/03\/DSC_0246-1024x683.jpg\" alt=\"\" width=\"640\" height=\"427\" srcset=\"http:\/\/29ps.cz\/wp-content\/uploads\/2026\/03\/DSC_0246-1024x683.jpg 1024w, http:\/\/29ps.cz\/wp-content\/uploads\/2026\/03\/DSC_0246-300x200.jpg 300w, http:\/\/29ps.cz\/wp-content\/uploads\/2026\/03\/DSC_0246-768x512.jpg 768w, http:\/\/29ps.cz\/wp-content\/uploads\/2026\/03\/DSC_0246-1536x1024.jpg 1536w, http:\/\/29ps.cz\/wp-content\/uploads\/2026\/03\/DSC_0246-2048x1365.jpg 2048w\" sizes=\"(max-width: 640px) 100vw, 640px\" \/><\/p>\n<p style=\"text-align: left; padding-left: 30px;\">Ka\u017edoro\u010dn\u011b po\u0159\u00e1d\u00e1me <strong>letn\u00ed t\u00e1bor P\u00e1vek\u00a0<\/strong>v n\u00e1dhern\u00e9 lokalit\u011b uprost\u0159ed malebn\u00e9 p\u0159\u00edrody na b\u0159ehu \u0159eky Ne\u017e\u00e1rky vinouc\u00ed se skrze<strong>\u00a0CHKO T\u0159ebo\u0148sko<\/strong>. Ka\u017ed\u00fd rok je pro d\u011bti p\u0159ipraven\u00e1\u00a0<strong>celot\u00e1borov\u00e1 hra\u00a0<\/strong><strong>s bohat\u00fdm programem<\/strong>. Mimo program maj\u00ed d\u011bti mo\u017enost vyu\u017e\u00edt\u00a0sportovn\u00ed h\u0159i\u0161t\u011b,\u00a0pingpongov\u00fd st\u016fl, trampol\u00ednu, nebo si zahr\u00e1t jin\u00e9 hry.<\/p>\n<p><img loading=\"lazy\" decoding=\"async\" class=\"wp-image-637 size-large aligncenter\" src=\"http:\/\/29ps.cz\/wp-content\/uploads\/2026\/03\/DSC_0298-2-1024x683.jpg\" alt=\"\" width=\"640\" height=\"427\" srcset=\"http:\/\/29ps.cz\/wp-content\/uploads\/2026\/03\/DSC_0298-2-1024x683.jpg 1024w, http:\/\/29ps.cz\/wp-content\/uploads\/2026\/03\/DSC_0298-2-300x200.jpg 300w, http:\/\/29ps.cz\/wp-content\/uploads\/2026\/03\/DSC_0298-2-768x512.jpg 768w, http:\/\/29ps.cz\/wp-content\/uploads\/2026\/03\/DSC_0298-2-1536x1024.jpg 1536w, http:\/\/29ps.cz\/wp-content\/uploads\/2026\/03\/DSC_0298-2-2048x1365.jpg 2048w\" sizes=\"(max-width: 640px) 100vw, 640px\" \/><\/p>\n<p style=\"text-align: left; padding-left: 30px;\">B\u011bhem roku je mo\u017en\u00e9 s&nbsp;n\u00e1mi jet i na <strong>v\u00edkendov\u00e9 a jednodenn\u00ed v\u00fdlety<\/strong>. Po\u0159\u00e1daj\u00ed je na\u0161i\u00a0<strong>zku\u0161en\u00ed vedouc\u00ed a instrukto\u0159i<\/strong> nejen pro d\u011bti, kter\u00e9 jezd\u00ed na letn\u00ed t\u00e1bor, ale i pro jejich kamar\u00e1dy \u010di sourozence. D\u011bti se b\u011bhem v\u00edkendov\u00fdch akc\u00ed pod\u00edvaj\u00ed do kr\u00e1sn\u00fdch kout\u016f \u010cR.<\/p>\n<p style=\"padding-left: 30px;\">Velice d\u016fle\u017eit\u00e1 je pro n\u00e1s <strong>celkov\u00e1 atmosf\u00e9ra t\u00e1bora a v\u00edkendov\u00fdch akc\u00ed<\/strong>, pospolitost a prav\u00e1 letn\u00ed pohoda.<\/p>\n<p style=\"padding-left: 30px;\"><strong><em>Hlavn\u00edm m\u011b\u0159\u00edtkem \u00fasp\u011bchu na\u0161eho sna\u017een\u00ed je spokojenost va\u0161ich d\u011bt\u00ed<\/em><\/strong>.<\/p>\n<\/div>\n<\/div>\n","protected":false},"excerpt":{"rendered":"<p>Jsme dobrovoln\u00fd, nez\u00e1visl\u00fd a neziskov\u00fd spolek\u00a0slo\u017een\u00fd z&nbsp;pro\u0161kolen\u00fdch vedouc\u00edch a instruktor\u016f. Spojuje n\u00e1s radost z&nbsp;p\u0159\u00edrody a pr\u00e1ce s&nbsp;d\u011btmi a ml\u00e1de\u017e\u00ed. Ka\u017edoro\u010dn\u011b po\u0159\u00e1d\u00e1me letn\u00ed t\u00e1bor P\u00e1vek\u00a0v n\u00e1dhern\u00e9 lokalit\u011b uprost\u0159ed malebn\u00e9 p\u0159\u00edrody na b\u0159ehu \u0159eky Ne\u017e\u00e1rky vinouc\u00ed se skrze\u00a0CHKO T\u0159ebo\u0148sko. Ka\u017ed\u00fd rok je pro d\u011bti p\u0159ipraven\u00e1\u00a0celot\u00e1borov\u00e1 hra\u00a0s bohat\u00fdm programem. Mimo program maj\u00ed d\u011bti mo\u017enost vyu\u017e\u00edt\u00a0sportovn\u00ed h\u0159i\u0161t\u011b,\u00a0pingpongov\u00fd st\u016fl, trampol\u00ednu,&hellip;<\/p>\n","protected":false},"author":1,"featured_media":457,"parent":0,"menu_order":0,"comment_status":"closed","ping_status":"closed","template":"","meta":{"footnotes":""},"_links":{"self":[{"href":"http:\/\/29ps.cz\/index.php?rest_route=\/wp\/v2\/pages\/22"}],"collection":[{"href":"http:\/\/29ps.cz\/index.php?rest_route=\/wp\/v2\/pages"}],"about":[{"href":"http:\/\/29ps.cz\/index.php?rest_route=\/wp\/v2\/types\/page"}],"author":[{"embeddable":true,"href":"http:\/\/29ps.cz\/index.php?rest_route=\/wp\/v2\/users\/1"}],"replies":[{"embeddable":true,"href":"http:\/\/29ps.cz\/index.php?rest_route=%2Fwp%2Fv2%2Fcomments&post=22"}],"version-history":[{"count":9,"href":"http:\/\/29ps.cz\/index.php?rest_route=\/wp\/v2\/pages\/22\/revisions"}],"predecessor-version":[{"id":638,"href":"http:\/\/29ps.cz\/index.php?rest_route=\/wp\/v2\/pages\/22\/revisions\/638"}],"wp:featuredmedia":[{"embeddable":true,"href":"http:\/\/29ps.cz\/index.php?rest_route=\/wp\/v2\/media\/457"}],"wp:attachment":[{"href":"http:\/\/29ps.cz\/index.php?rest_route=%2Fwp%2Fv2%2Fmedia&parent=22"}],"curies":[{"name":"wp","href":"https:\/\/api.w.org\/{rel}","templated":true}]}}